{"id":24,"date":"2010-09-06T20:04:53","date_gmt":"2010-09-06T18:04:53","guid":{"rendered":"http:\/\/www.ellybasic.hr\/?page_id=24"},"modified":"2017-08-10T11:27:24","modified_gmt":"2017-08-10T09:27:24","slug":"elly-basic","status":"publish","type":"page","link":"https:\/\/www.ellybasic.hr\/?page_id=24","title":{"rendered":"Elly Ba\u0161i\u0107"},"content":{"rendered":"<p><strong><a href=\"https:\/\/www.ellybasic.hr\/wp-content\/uploads\/2010\/09\/elly.jpg\"><img decoding=\"async\" class=\"lazyload alignleft size-medium wp-image-26\" title=\"elly\" src=\"https:\/\/www.ellybasic.hr\/wp-content\/uploads\/2010\/09\/elly-229x300.jpg\" data-orig-src=\"https:\/\/www.ellybasic.hr\/wp-content\/uploads\/2010\/09\/elly-229x300.jpg\" alt=\"\" width=\"229\" height=\"300\" srcset=\"data:image\/svg+xml,%3Csvg%20xmlns%3D%27http%3A%2F%2Fwww.w3.org%2F2000%2Fsvg%27%20width%3D%27229%27%20height%3D%27300%27%20viewBox%3D%270%200%20229%20300%27%3E%3Crect%20width%3D%27229%27%20height%3D%27300%27%20fill-opacity%3D%220%22%2F%3E%3C%2Fsvg%3E\" data-srcset=\"https:\/\/www.ellybasic.hr\/wp-content\/uploads\/2010\/09\/elly-229x300.jpg 229w, https:\/\/www.ellybasic.hr\/wp-content\/uploads\/2010\/09\/elly.jpg 692w\" data-sizes=\"auto\" data-orig-sizes=\"(max-width: 229px) 100vw, 229px\" \/><\/a>Elly Ba\u0161i\u0107<\/strong>, ro\u0111. <strong>Lerch<\/strong> (Zagreb, 1908 \u2013 Zagreb, 1998), istaknuta je hrvatska glazbena pedagoginja, metodi\u010darka i etnomuzikologinja. Na Muzi\u010dkoj akademiji u Zagrebu je studirala i diplomirala glasovir kod Antonije Geiger-Eichhorn, te apsolvirala kompoziciju i dirigiranje kod Frana Lhotke, Franje Dugana i Milana Sachsa. Izme\u0111u 1929. i 1945. osnovala je, vodila i bila profesoricom glasovira i glazbenoteoretskih predmeta na eksperimentalnoj muzi\u010dkoj \u0161koli \u00abBeethoven\u00bb. Glasovir i teoretske predmete predavala je i u razdoblju 1945.-1961. na Gradskoj muzi\u010dkoj \u0161koli u Zagrebu. Visoko\u0161kolski predava\u010dki curriculum E. Ba\u0161i\u0107 obuhva\u0107a mjesta asistentice za predmet \u00abHarmonija\u00bb na Muzi\u010dkoj akademiji u Zagrebu (od 1949.), predava\u010dice za predmet \u00abMuzika\u00bb na Kazali\u0161noj akademiji u Zagrebu (1950.-1951.) i docentice za predmete \u00abMetodika\u00bb, \u00abHistorija muzi\u010dke pedagogije\u00bb i \u00abSolfeggio\u00bb (od 1962.), te pro\u010delnice Teoretskog odjela (od 1963.) na Muzi\u010dkoj akademiji u Sarajevu. Od 1954. stalna je vanjska suradnica Zavoda za istra\u017eivanje folklora u Zagrebu (danas: Institut za etnologiju i folkloristiku). Godine 1962. utemeljuje ni\u017eu i srednju \u00abFunkcionalnu muzi\u010dku \u0161kolu\u00bb (sada: \u00abGlazbeno u\u010dili\u0161te Elly Ba\u0161i\u0107\u00bb).<\/p>\n<p>Aktivnosti ugledne prosvjetne djelatnice Elly Ba\u0161i\u0107 obuhva\u0107aju i me\u0111usobno pro\u017eimanje vi\u0161e podru\u010dja, a u svakome od njih postigla je jedinstvene rezultate i u okvirima daleko \u0161irim od lokalnih i nacionalnih.<\/p>\n<p>Na znanstvenoistra\u017eiva\u010dkom podru\u010dju, rade\u0107i vi\u0161e desetlje\u0107a na temi \u00abKreativnost djeteta kao prirodna datost i mogu\u0107nost odr\u017eavanja i razvijanja kreativnosti u omladini i odraslima\u00bb, prva je u svijetu artikulirala znanstvene kategorije spontanog glasanja, uspavanki i pocupkalica, brojalica, skandiranja, igri \u00abvje\u017ebegovora\u00bb, rugalica, igara, te skandiranja, sportskog navijanja i izvikivanja na manifestacijama i priredbama, kao glazbenih, govornih i motori\u010dkih elemenata u cjelovitom spontanom glazbenom izra\u017eavanju djeteta i odraslih. Bavila se vrlo uspje\u0161no i istra\u017eiva\u010dkim temama \u00abDijete i muzikalnost\u00bb, \u00abEmocionalno inhibirana djeca\u00bb, \u00abDjeca s pote\u0161ko\u0107ama u razvoju\u00bb, te nizom glazbenopedago\u0161kih problema (npr. srazom i nesporazumima izme\u0111u zapadne europske civilizacije i kulture i folklornih tradicionalnih kultura, te glazbenopedago\u0161kim tradicijama). Rezultate svojih istra\u017eivanja predstavila je u nizu od tridesetak radova i na brojnim znanstvenim skupovima u zemlji i inozemstvu, a posebno je znamenita njezina izlo\u017eba \u00abMuzi\u010dki izraz djeteta\u00bb, postavljena s velikim uspjehom u Ljubljani, Zagrebu (1954.), Beogradu, \u017denevi (UNESCO, 1955.), Bratislavi (1967.) i Moskvi (1970., Kongres Me\u0111unarodnog udru\u017eenja glazbene pedagogije). Njezin ud\u017ebenik solfeggia \u00abSedam nota sto divota\u00bb izi\u0161ao je tijekom 18 godina u 13 izdanja kao apsolutni poslijeratni bestseller u svojem podru\u010dju u Hrvatskoj.<\/p>\n<p>\u017divotna vokacija, najvrednije postignu\u0107e i naj\u0161ire dru\u0161tvene implikacije cjelokupne djelatnosti Elly Ba\u0161i\u0107 povezane su, me\u0111utim, s izumom i utemeljenjem pojma i sadr\u017eaja tzv. \u00abfunkcionalne muzi\u010dke pedagogije\u00bb, \u010dije osnovne poruke glase: \u00abSvako dijete ima kreativnu ma\u0161tu\u00bb, \u00abSvako dijete ima ritma\u00bb i \u00abSvako dijete ima pravo na glazbenu kulturu\u00bb. Ovim svojim postignu\u0107em Elly Ba\u0161i\u0107 se op\u0107enito smatra jedinim autorom cjelovite i izvorne glazbene pedagogije u povijesti hrvatskoga glazbenog \u0161kolstva. U metodi\u010dkom pogledu ovaj glazbenopedago\u0161ki sustav po\u010diva na dva usmjerenja: prirodnoj dispoziciji ma\u0161te (sloboda li\u010dnosti) i glazbenoj kulturi i socijalizaciji (adaptacija). Prvo usmjerenje obuhva\u0107a problematiku osloba\u0111anja djetetove kreativne ma\u0161te (improvizacija, uva\u017eavanje i poticanje specifi\u010dnih posebnosti prirodnih biopsihi\u010dkih datosti svakog djeteta, odnos glazbenog i likovnog) i po\u010diva na empirijski dokazanim otkri\u0107ima mogu\u0107nosti odr\u017eavanja kontinuiteta kreativne ma\u0161te djeteta od pred\u0161kolske preko \u0161kolske i omladinske dobi do odrasla \u010dovjeka. Drugo usmjerenje uklju\u010duje kulturolo\u0161ku dimenziju s naglaskom na zadacima glazbene pedagogije u primarnoj funkciji \u0161irenja glazbene kulture s jedne strane, te medicinskih antropologijskih i glazbenoterapijskih dimenzija u procesu socijalizacije glazbom s druge strane. Tako se umjetni\u010dko-odgojni cilj \u00abfunkcionalne muzi\u010dke pedagogije\u00bb definira kao postignu\u0107e optimalnog razvitka li\u010dnosti i njegovih psihofizi\u010dkih potencijala podjednako kod nadarenog kao i prosje\u010dnog ili hendikepiranog djeteta.<\/p>\n<p>Elly Ba\u0161i\u0107 je utemeljenjem svoje Funkcionalne muzi\u010dke pedagogije i njezinim djelovanjem u Hrvatskoj, ostalim zemljama biv\u0161e Jugoslavije, te posebno u Njema\u010dkoj, \u010ce\u0161koj i Slova\u010dkoj, biv\u0161em SSSR-u, Finskoj, Austriji, Francuskoj, \u0160vedskoj, \u0160vicarskoj i Rumunjskoj, revitalizirala i reafirmirala na podru\u010dju glazbene pedagogije izuzetno uspje\u0161no dva temeljna civilizacijska i kulturna postulata: demokrati\u010dnost i humanizam. Do danas je tisu\u0107e mladih u Hrvatskoj i u drugim zemljama osjetilo blagodat nesputanoga glazbenog i op\u0107eg izra\u017eavanja s pomo\u0107u metode \u00abfunkcionalne muzi\u010dke pedagogije\u00bb, kojom su se odgojili kao kompletnija i harmoni\u010dnija ljudska bi\u0107a. Time je Elly Ba\u0161i\u0107 s visokom intelektualnom sposobno\u0161\u0107u i zahtjevno\u0161\u0107u, te pravim vrednovanjem op\u0107e i glazbene kulture inicirala pedagogijske procese koji su stvorili vi\u0161u civilizacijsku razinu sredine iz koje je potekla.<\/p>\n<p>Dr. Stanislav Tuksar<\/p>\n<h3>Related Images:<\/h3>","protected":false},"excerpt":{"rendered":"<p>Elly Ba\u0161i\u0107, ro\u0111. Lerch (Zagreb, 1908 \u2013 Zagreb, 1998), istaknuta je hrvatska glazbena pedagoginja, metodi\u010darka i etnomuzikologinja. Na Muzi\u010dkoj akademiji u Zagrebu je studirala i diplomirala glasovir kod Antonije Geiger-Eichhorn, <a href=\"https:\/\/www.ellybasic.hr\/?page_id=24\"> [&#8230;]<\/a><\/p>\n","protected":false},"author":1,"featured_media":0,"parent":2,"menu_order":0,"comment_status":"closed","ping_status":"closed","template":"","meta":{"ngg_post_thumbnail":0,"footnotes":""},"class_list":["post-24","page","type-page","status-publish","hentry"],"_links":{"self":[{"href":"https:\/\/www.ellybasic.hr\/index.php?rest_route=\/wp\/v2\/pages\/24","targetHints":{"allow":["GET"]}}],"collection":[{"href":"https:\/\/www.ellybasic.hr\/index.php?rest_route=\/wp\/v2\/pages"}],"about":[{"href":"https:\/\/www.ellybasic.hr\/index.php?rest_route=\/wp\/v2\/types\/page"}],"author":[{"embeddable":true,"href":"https:\/\/www.ellybasic.hr\/index.php?rest_route=\/wp\/v2\/users\/1"}],"replies":[{"embeddable":true,"href":"https:\/\/www.ellybasic.hr\/index.php?rest_route=%2Fwp%2Fv2%2Fcomments&post=24"}],"version-history":[{"count":3,"href":"https:\/\/www.ellybasic.hr\/index.php?rest_route=\/wp\/v2\/pages\/24\/revisions"}],"predecessor-version":[{"id":8635,"href":"https:\/\/www.ellybasic.hr\/index.php?rest_route=\/wp\/v2\/pages\/24\/revisions\/8635"}],"up":[{"embeddable":true,"href":"https:\/\/www.ellybasic.hr\/index.php?rest_route=\/wp\/v2\/pages\/2"}],"wp:attachment":[{"href":"https:\/\/www.ellybasic.hr\/index.php?rest_route=%2Fwp%2Fv2%2Fmedia&parent=24"}],"curies":[{"name":"wp","href":"https:\/\/api.w.org\/{rel}","templated":true}]}}